{"id":1561,"date":"2023-02-16T21:16:17","date_gmt":"2023-02-17T03:16:17","guid":{"rendered":"https:\/\/www.serverstore.mx\/wp\/?post_type=product&#038;p=1561"},"modified":"2025-05-19T15:50:31","modified_gmt":"2025-05-19T21:50:31","slug":"minipc-gab-cse-101i","status":"publish","type":"product","link":"https:\/\/www.serverstore.mx\/wp\/producto\/minipc-gab-cse-101i\/","title":{"rendered":"MINI Servidor Supermicro 101-A8, Atom 8 cores, 8GB RAM, 240GB SSD, 4 x Gigabit, Lubuntu"},"content":{"rendered":"<p>MINI Servidor Supermicro 101-A8 con procesador Intel ATOM de 8 cores, 8GB en RAM, soporta hasta 2 discos de 2.5&#8243;, DOM, etc.<\/p>\n<p>4 puertos de red Gigabit, disco SSD de 240GB , Lubuntu 18.0<\/p>\n<p>Ideal para aplicaciones embebidas, tama\u00f1o reducido, bajo consumo de energ\u00eda, bajo ruido. Ideal para aplicaciones de redes como Router, Firewall, VPNs, NAS, etc, etc.<\/p>\n<p>Se puede entregar con VMWARE, Windows 11, Windows Server, Lubuntu, Ubuntu Server, etc.<\/p>\n<p>NO DUDE EN PREGUNTAR, SE PUEDE VER EN NUESTRA SALA DEMO EN EL WTC DE LA CDMX CON CITA.<\/p>\n<table border=\"0\" width=\"938\" cellspacing=\"0\" cellpadding=\"0\">\n<tbody class=\"\">\n<tr class=\"\">\n<td class=\"xl76\"><span class=\"\">Eliminador de corriente de 12V, 1 a\u00f1o de garant\u00eda extendible a 3 o 5 a\u00f1os<\/span><\/td>\n<\/tr>\n<\/tbody>\n<\/table>\n","protected":false},"excerpt":{"rendered":"<p>Mini Server de desempe\u00f1o medio, bajo consumo de potencia, alta capacidad de comunicaci\u00f3n por sus 4 puertos de red Gigabit.<\/p>\n<p>F\u00e1cil de ocultar, con fuente de poder de 12V incluida.<\/p>\n","protected":false},"featured_media":1562,"comment_status":"open","ping_status":"closed","template":"","meta":{"_uag_custom_page_level_css":"","site-sidebar-layout":"default","site-content-layout":"default","ast-site-content-layout":"","site-content-style":"default","site-sidebar-style":"default","ast-global-header-display":"","ast-banner-title-visibility":"","ast-main-header-display":"","ast-hfb-above-header-display":"","ast-hfb-below-header-display":"","ast-hfb-mobile-header-display":"","site-post-title":"","ast-breadcrumbs-content":"","ast-featured-img":"","footer-sml-layout":"","theme-transparent-header-meta":"default","adv-header-id-meta":"","stick-header-meta":"","header-above-stick-meta":"","header-main-stick-meta":"","header-below-stick-meta":"","astra-migrate-meta-layouts":""},"product_cat":[33,28,45],"product_tag":[],"jetpack_sharing_enabled":true,"uagb_featured_image_src":{"full":["https:\/\/www.serverstore.mx\/wp\/wp-content\/uploads\/2023\/02\/16-101-785-02.jpg",640,480,false],"thumbnail":["https:\/\/www.serverstore.mx\/wp\/wp-content\/uploads\/2023\/02\/16-101-785-02-150x150.jpg",150,150,true],"medium":["https:\/\/www.serverstore.mx\/wp\/wp-content\/uploads\/2023\/02\/16-101-785-02-300x225.jpg",300,225,true],"medium_large":["https:\/\/www.serverstore.mx\/wp\/wp-content\/uploads\/2023\/02\/16-101-785-02.jpg",640,480,false],"large":["https:\/\/www.serverstore.mx\/wp\/wp-content\/uploads\/2023\/02\/16-101-785-02.jpg",640,480,false],"1536x1536":["https:\/\/www.serverstore.mx\/wp\/wp-content\/uploads\/2023\/02\/16-101-785-02.jpg",640,480,false],"2048x2048":["https:\/\/www.serverstore.mx\/wp\/wp-content\/uploads\/2023\/02\/16-101-785-02.jpg",640,480,false],"woocommerce_thumbnail":["https:\/\/www.serverstore.mx\/wp\/wp-content\/uploads\/2023\/02\/16-101-785-02-300x300.jpg",300,300,true],"woocommerce_single":["https:\/\/www.serverstore.mx\/wp\/wp-content\/uploads\/2023\/02\/16-101-785-02-600x450.jpg",600,450,true],"woocommerce_gallery_thumbnail":["https:\/\/www.serverstore.mx\/wp\/wp-content\/uploads\/2023\/02\/16-101-785-02-100x100.jpg",100,100,true]},"uagb_author_info":{"display_name":"Montserrat Gonzalez","author_link":"https:\/\/www.serverstore.mx\/wp\/author\/"},"uagb_comment_info":13,"uagb_excerpt":"Mini Server de desempe\u00f1o medio, bajo consumo de potencia, alta capacidad de comunicaci\u00f3n por sus 4 puertos de red Gigabit. F\u00e1cil de ocultar, con fuente de poder de 12V incluida.","_links":{"self":[{"href":"https:\/\/www.serverstore.mx\/wp\/wp-json\/wp\/v2\/product\/1561"}],"collection":[{"href":"https:\/\/www.serverstore.mx\/wp\/wp-json\/wp\/v2\/product"}],"about":[{"href":"https:\/\/www.serverstore.mx\/wp\/wp-json\/wp\/v2\/types\/product"}],"replies":[{"embeddable":true,"href":"https:\/\/www.serverstore.mx\/wp\/wp-json\/wp\/v2\/comments?post=1561"}],"wp:featuredmedia":[{"embeddable":true,"href":"https:\/\/www.serverstore.mx\/wp\/wp-json\/wp\/v2\/media\/1562"}],"wp:attachment":[{"href":"https:\/\/www.serverstore.mx\/wp\/wp-json\/wp\/v2\/media?parent=1561"}],"wp:term":[{"taxonomy":"product_cat","embeddable":true,"href":"https:\/\/www.serverstore.mx\/wp\/wp-json\/wp\/v2\/product_cat?post=1561"},{"taxonomy":"product_tag","embeddable":true,"href":"https:\/\/www.serverstore.mx\/wp\/wp-json\/wp\/v2\/product_tag?post=1561"}],"curies":[{"name":"wp","href":"https:\/\/api.w.org\/{rel}","templated":true}]}}